{"id":982,"date":"2021-07-17T00:36:38","date_gmt":"2021-07-17T00:36:38","guid":{"rendered":"http:\/\/www.aston-med.com\/?page_id=982"},"modified":"2021-07-17T00:36:39","modified_gmt":"2021-07-17T00:36:39","slug":"mis-spine","status":"publish","type":"page","link":"https:\/\/aston-med.com\/?page_id=982","title":{"rendered":"MIS Spine"},"content":{"rendered":"\n<figure class=\"wp-block-table\"><table><tbody><tr><td><strong>AIM <\/strong>Minimally Invasive System features broad selection of screw\/rod delivery instruments and implants designed to treat degenerative and deformity pathologies of the thoracic and lumbar spine. This flexible, straight-forward, minimally invasive system is designed to ensure reliable and reproducible clinical results.<\/td><\/tr><\/tbody><\/table><\/figure>\n\n\n\n<figure class=\"wp-block-table\"><table><tbody><tr><td><strong>Features:<\/strong>Compatible with APEX Cannulated Implants: \u00d84.75mm, \u00d85.50mm, \u00d86.25mm and \u00d87.00mm.<br><br>MIS Tubes are only \u00d815mm.<br><br>Extremely strong fixation of the implant head.\u200b<br>\u200bEvery step and instrument works with the MIS Tube.<br>\u200b<br>\u200b2 K-wire materials: stainless steel or nitinol.<br><br><\/td><td><\/td><td><strong>Benefits:<\/strong>Integrates the benefits of both the APEX and AIM Systems.<br><br>No other instruments fit around it in the tissues, making it one of the smallest MIS devices on the market.\u200b<br>\u200b<br>Secure connection for all maneuvers.<br><br>Procedure can be done almost blindly once the screw is in place in the pedicle.<br>\u200bStainless steel is sturdier but can deform, nitinol is super-elastic.<\/td><\/tr><\/tbody><\/table><\/figure>\n","protected":false},"excerpt":{"rendered":"<p>AIM Minimally Invasive System features broad selection of screw\/rod delivery instruments and implants designed to treat degenerative and deformity pathologies of the thoracic and lumbar spine. This flexible, straight-forward, minimally invasive system is designed to ensure reliable and reproducible clinical results. Features:Compatible with APEX Cannulated Implants: \u00d84.75mm, \u00d85.50mm, \u00d86.25mm and \u00d87.00mm. MIS Tubes are only&hellip;<\/p>\n","protected":false},"author":1,"featured_media":984,"parent":899,"menu_order":0,"comment_status":"closed","ping_status":"closed","template":"","meta":{"footnotes":""},"class_list":["post-982","page","type-page","status-publish","has-post-thumbnail","hentry"],"_links":{"self":[{"href":"https:\/\/aston-med.com\/index.php?rest_route=\/wp\/v2\/pages\/982","targetHints":{"allow":["GET"]}}],"collection":[{"href":"https:\/\/aston-med.com\/index.php?rest_route=\/wp\/v2\/pages"}],"about":[{"href":"https:\/\/aston-med.com\/index.php?rest_route=\/wp\/v2\/types\/page"}],"author":[{"embeddable":true,"href":"https:\/\/aston-med.com\/index.php?rest_route=\/wp\/v2\/users\/1"}],"replies":[{"embeddable":true,"href":"https:\/\/aston-med.com\/index.php?rest_route=%2Fwp%2Fv2%2Fcomments&post=982"}],"version-history":[{"count":1,"href":"https:\/\/aston-med.com\/index.php?rest_route=\/wp\/v2\/pages\/982\/revisions"}],"predecessor-version":[{"id":985,"href":"https:\/\/aston-med.com\/index.php?rest_route=\/wp\/v2\/pages\/982\/revisions\/985"}],"up":[{"embeddable":true,"href":"https:\/\/aston-med.com\/index.php?rest_route=\/wp\/v2\/pages\/899"}],"wp:featuredmedia":[{"embeddable":true,"href":"https:\/\/aston-med.com\/index.php?rest_route=\/wp\/v2\/media\/984"}],"wp:attachment":[{"href":"https:\/\/aston-med.com\/index.php?rest_route=%2Fwp%2Fv2%2Fmedia&parent=982"}],"curies":[{"name":"wp","href":"https:\/\/api.w.org\/{rel}","templated":true}]}}